{"id":2,"date":"2023-04-26T07:59:03","date_gmt":"2023-04-26T07:59:03","guid":{"rendered":"http:\/\/plenomodas.es\/?page_id=2"},"modified":"2023-05-18T08:45:57","modified_gmt":"2023-05-18T08:45:57","slug":"empresa","status":"publish","type":"page","link":"https:\/\/plenomodas.es\/?page_id=2","title":{"rendered":"Empresa"},"content":{"rendered":"\n<p><\/p>\n\n\n\n<p><\/p>\n\n\n\n<p class=\"has-text-align-center\"><strong>Pleno Modas<\/strong> es una cadena dedicada al comercio al por menor de textil, calzado y complementos.<br>Fundada en la localidad Pontevedresa de Tui en el a\u00f1o 2005.<br>En la actualidad posee tiendas s\u00f3lo f\u00edsicas, en Ponteareas, A Guarda y Tui.<\/p>\n\n\n\n<blockquote class=\"wp-block-quote is-layout-flow wp-block-quote-is-layout-flow\">\n<p class=\"has-text-align-center\">Dispone de una gran variedad de art\u00edculos destinados tanto a hombre, mujer como ni\u00f1os. <\/p>\n<\/blockquote>\n\n\n\n<figure class=\"wp-block-image aligncenter size-full is-resized\"><img fetchpriority=\"high\" decoding=\"async\" src=\"https:\/\/plenomodas.es\/wp-content\/uploads\/2023\/05\/tienda_tui_plenomodas.jpg\" alt=\"tienda\" class=\"wp-image-760\" width=\"512\" height=\"239\" srcset=\"https:\/\/plenomodas.es\/wp-content\/uploads\/2023\/05\/tienda_tui_plenomodas.jpg 1024w, https:\/\/plenomodas.es\/wp-content\/uploads\/2023\/05\/tienda_tui_plenomodas-300x140.jpg 300w, https:\/\/plenomodas.es\/wp-content\/uploads\/2023\/05\/tienda_tui_plenomodas-768x359.jpg 768w\" sizes=\"(max-width: 512px) 100vw, 512px\" \/><\/figure>\n","protected":false},"excerpt":{"rendered":"<p>Pleno Modas es una cadena dedicada al comercio al por menor de textil, calzado y complementos.Fundada en la localidad Pontevedresa de Tui en el a\u00f1o 2005.En la actualidad posee tiendas s\u00f3lo f\u00edsicas, en Ponteareas, A Guarda y Tui. Dispone de una gran variedad de art\u00edculos destinados tanto a hombre, mujer como ni\u00f1os.<\/p>\n","protected":false},"author":1,"featured_media":0,"parent":0,"menu_order":0,"comment_status":"closed","ping_status":"closed","template":"elementor_header_footer","meta":{"zakra_page_container_layout":"customizer","zakra_page_sidebar_layout":"customizer","zakra_remove_content_margin":false,"zakra_sidebar":"customizer","zakra_transparent_header":"customizer","zakra_logo":0,"zakra_main_header_style":"default","zakra_menu_item_color":"","zakra_menu_item_hover_color":"","zakra_menu_item_active_color":"","zakra_menu_active_style":"","zakra_page_header":true,"footnotes":""},"class_list":["post-2","page","type-page","status-publish","hentry"],"yoast_head":"<!-- This site is optimized with the Yoast SEO plugin v27.5 - https:\/\/yoast.com\/product\/yoast-seo-wordpress\/ -->\n<title>Empresa - Pleno Modas<\/title>\n<meta name=\"description\" content=\"Pleno Modas es una cadena dedicada al comercio al por menor de textil, calzado y complementos y fundada en Tui en el a\u00f1o 2005.\" \/>\n<meta name=\"robots\" content=\"index, follow, max-snippet:-1, max-image-preview:large, max-video-preview:-1\" \/>\n<link rel=\"canonical\" href=\"https:\/\/plenomodas.es\/?page_id=2\" \/>\n<meta property=\"og:locale\" content=\"es_ES\" \/>\n<meta property=\"og:type\" content=\"article\" \/>\n<meta property=\"og:title\" content=\"Empresa - Pleno Modas\" \/>\n<meta property=\"og:description\" content=\"Pleno Modas es una cadena dedicada al comercio al por menor de textil, calzado y complementos y fundada en Tui en el a\u00f1o 2005.\" \/>\n<meta property=\"og:url\" content=\"https:\/\/plenomodas.es\/?page_id=2\" \/>\n<meta property=\"og:site_name\" content=\"Pleno Modas\" \/>\n<meta property=\"article:modified_time\" content=\"2023-05-18T08:45:57+00:00\" \/>\n<meta property=\"og:image\" content=\"https:\/\/plenomodas.es\/wp-content\/uploads\/2023\/05\/tienda_tui_plenomodas.jpg\" \/>\n<meta name=\"twitter:card\" content=\"summary_large_image\" \/>\n<meta name=\"twitter:label1\" content=\"Tiempo de lectura\" \/>\n\t<meta name=\"twitter:data1\" content=\"1 minuto\" \/>\n<script type=\"application\/ld+json\" class=\"yoast-schema-graph\">{\"@context\":\"https:\\\/\\\/schema.org\",\"@graph\":[{\"@type\":\"WebPage\",\"@id\":\"https:\\\/\\\/plenomodas.es\\\/?page_id=2\",\"url\":\"https:\\\/\\\/plenomodas.es\\\/?page_id=2\",\"name\":\"Empresa - Pleno Modas\",\"isPartOf\":{\"@id\":\"https:\\\/\\\/plenomodas.es\\\/#website\"},\"primaryImageOfPage\":{\"@id\":\"https:\\\/\\\/plenomodas.es\\\/?page_id=2#primaryimage\"},\"image\":{\"@id\":\"https:\\\/\\\/plenomodas.es\\\/?page_id=2#primaryimage\"},\"thumbnailUrl\":\"https:\\\/\\\/plenomodas.es\\\/wp-content\\\/uploads\\\/2023\\\/05\\\/tienda_tui_plenomodas.jpg\",\"datePublished\":\"2023-04-26T07:59:03+00:00\",\"dateModified\":\"2023-05-18T08:45:57+00:00\",\"description\":\"Pleno Modas es una cadena dedicada al comercio al por menor de textil, calzado y complementos y fundada en Tui en el a\u00f1o 2005.\",\"breadcrumb\":{\"@id\":\"https:\\\/\\\/plenomodas.es\\\/?page_id=2#breadcrumb\"},\"inLanguage\":\"es\",\"potentialAction\":[{\"@type\":\"ReadAction\",\"target\":[\"https:\\\/\\\/plenomodas.es\\\/?page_id=2\"]}]},{\"@type\":\"ImageObject\",\"inLanguage\":\"es\",\"@id\":\"https:\\\/\\\/plenomodas.es\\\/?page_id=2#primaryimage\",\"url\":\"https:\\\/\\\/plenomodas.es\\\/wp-content\\\/uploads\\\/2023\\\/05\\\/tienda_tui_plenomodas.jpg\",\"contentUrl\":\"https:\\\/\\\/plenomodas.es\\\/wp-content\\\/uploads\\\/2023\\\/05\\\/tienda_tui_plenomodas.jpg\",\"width\":1024,\"height\":478},{\"@type\":\"BreadcrumbList\",\"@id\":\"https:\\\/\\\/plenomodas.es\\\/?page_id=2#breadcrumb\",\"itemListElement\":[{\"@type\":\"ListItem\",\"position\":1,\"name\":\"Portada\",\"item\":\"https:\\\/\\\/plenomodas.es\\\/\"},{\"@type\":\"ListItem\",\"position\":2,\"name\":\"Empresa\"}]},{\"@type\":\"WebSite\",\"@id\":\"https:\\\/\\\/plenomodas.es\\\/#website\",\"url\":\"https:\\\/\\\/plenomodas.es\\\/\",\"name\":\"Pleno Modas\",\"description\":\"\",\"publisher\":{\"@id\":\"https:\\\/\\\/plenomodas.es\\\/#organization\"},\"potentialAction\":[{\"@type\":\"SearchAction\",\"target\":{\"@type\":\"EntryPoint\",\"urlTemplate\":\"https:\\\/\\\/plenomodas.es\\\/?s={search_term_string}\"},\"query-input\":{\"@type\":\"PropertyValueSpecification\",\"valueRequired\":true,\"valueName\":\"search_term_string\"}}],\"inLanguage\":\"es\"},{\"@type\":\"Organization\",\"@id\":\"https:\\\/\\\/plenomodas.es\\\/#organization\",\"name\":\"Pleno Modas\",\"url\":\"https:\\\/\\\/plenomodas.es\\\/\",\"logo\":{\"@type\":\"ImageObject\",\"inLanguage\":\"es\",\"@id\":\"https:\\\/\\\/plenomodas.es\\\/#\\\/schema\\\/logo\\\/image\\\/\",\"url\":\"https:\\\/\\\/plenomodas.es\\\/wp-content\\\/uploads\\\/2023\\\/05\\\/cropped-logo_malo.png\",\"contentUrl\":\"https:\\\/\\\/plenomodas.es\\\/wp-content\\\/uploads\\\/2023\\\/05\\\/cropped-logo_malo.png\",\"width\":202,\"height\":195,\"caption\":\"Pleno Modas\"},\"image\":{\"@id\":\"https:\\\/\\\/plenomodas.es\\\/#\\\/schema\\\/logo\\\/image\\\/\"}}]}<\/script>\n<!-- \/ Yoast SEO plugin. -->","yoast_head_json":{"title":"Empresa - Pleno Modas","description":"Pleno Modas es una cadena dedicada al comercio al por menor de textil, calzado y complementos y fundada en Tui en el a\u00f1o 2005.","robots":{"index":"index","follow":"follow","max-snippet":"max-snippet:-1","max-image-preview":"max-image-preview:large","max-video-preview":"max-video-preview:-1"},"canonical":"https:\/\/plenomodas.es\/?page_id=2","og_locale":"es_ES","og_type":"article","og_title":"Empresa - Pleno Modas","og_description":"Pleno Modas es una cadena dedicada al comercio al por menor de textil, calzado y complementos y fundada en Tui en el a\u00f1o 2005.","og_url":"https:\/\/plenomodas.es\/?page_id=2","og_site_name":"Pleno Modas","article_modified_time":"2023-05-18T08:45:57+00:00","og_image":[{"url":"https:\/\/plenomodas.es\/wp-content\/uploads\/2023\/05\/tienda_tui_plenomodas.jpg","type":"","width":"","height":""}],"twitter_card":"summary_large_image","twitter_misc":{"Tiempo de lectura":"1 minuto"},"schema":{"@context":"https:\/\/schema.org","@graph":[{"@type":"WebPage","@id":"https:\/\/plenomodas.es\/?page_id=2","url":"https:\/\/plenomodas.es\/?page_id=2","name":"Empresa - Pleno Modas","isPartOf":{"@id":"https:\/\/plenomodas.es\/#website"},"primaryImageOfPage":{"@id":"https:\/\/plenomodas.es\/?page_id=2#primaryimage"},"image":{"@id":"https:\/\/plenomodas.es\/?page_id=2#primaryimage"},"thumbnailUrl":"https:\/\/plenomodas.es\/wp-content\/uploads\/2023\/05\/tienda_tui_plenomodas.jpg","datePublished":"2023-04-26T07:59:03+00:00","dateModified":"2023-05-18T08:45:57+00:00","description":"Pleno Modas es una cadena dedicada al comercio al por menor de textil, calzado y complementos y fundada en Tui en el a\u00f1o 2005.","breadcrumb":{"@id":"https:\/\/plenomodas.es\/?page_id=2#breadcrumb"},"inLanguage":"es","potentialAction":[{"@type":"ReadAction","target":["https:\/\/plenomodas.es\/?page_id=2"]}]},{"@type":"ImageObject","inLanguage":"es","@id":"https:\/\/plenomodas.es\/?page_id=2#primaryimage","url":"https:\/\/plenomodas.es\/wp-content\/uploads\/2023\/05\/tienda_tui_plenomodas.jpg","contentUrl":"https:\/\/plenomodas.es\/wp-content\/uploads\/2023\/05\/tienda_tui_plenomodas.jpg","width":1024,"height":478},{"@type":"BreadcrumbList","@id":"https:\/\/plenomodas.es\/?page_id=2#breadcrumb","itemListElement":[{"@type":"ListItem","position":1,"name":"Portada","item":"https:\/\/plenomodas.es\/"},{"@type":"ListItem","position":2,"name":"Empresa"}]},{"@type":"WebSite","@id":"https:\/\/plenomodas.es\/#website","url":"https:\/\/plenomodas.es\/","name":"Pleno Modas","description":"","publisher":{"@id":"https:\/\/plenomodas.es\/#organization"},"potentialAction":[{"@type":"SearchAction","target":{"@type":"EntryPoint","urlTemplate":"https:\/\/plenomodas.es\/?s={search_term_string}"},"query-input":{"@type":"PropertyValueSpecification","valueRequired":true,"valueName":"search_term_string"}}],"inLanguage":"es"},{"@type":"Organization","@id":"https:\/\/plenomodas.es\/#organization","name":"Pleno Modas","url":"https:\/\/plenomodas.es\/","logo":{"@type":"ImageObject","inLanguage":"es","@id":"https:\/\/plenomodas.es\/#\/schema\/logo\/image\/","url":"https:\/\/plenomodas.es\/wp-content\/uploads\/2023\/05\/cropped-logo_malo.png","contentUrl":"https:\/\/plenomodas.es\/wp-content\/uploads\/2023\/05\/cropped-logo_malo.png","width":202,"height":195,"caption":"Pleno Modas"},"image":{"@id":"https:\/\/plenomodas.es\/#\/schema\/logo\/image\/"}}]}},"_links":{"self":[{"href":"https:\/\/plenomodas.es\/index.php?rest_route=\/wp\/v2\/pages\/2","targetHints":{"allow":["GET"]}}],"collection":[{"href":"https:\/\/plenomodas.es\/index.php?rest_route=\/wp\/v2\/pages"}],"about":[{"href":"https:\/\/plenomodas.es\/index.php?rest_route=\/wp\/v2\/types\/page"}],"author":[{"embeddable":true,"href":"https:\/\/plenomodas.es\/index.php?rest_route=\/wp\/v2\/users\/1"}],"replies":[{"embeddable":true,"href":"https:\/\/plenomodas.es\/index.php?rest_route=%2Fwp%2Fv2%2Fcomments&post=2"}],"version-history":[{"count":9,"href":"https:\/\/plenomodas.es\/index.php?rest_route=\/wp\/v2\/pages\/2\/revisions"}],"predecessor-version":[{"id":889,"href":"https:\/\/plenomodas.es\/index.php?rest_route=\/wp\/v2\/pages\/2\/revisions\/889"}],"wp:attachment":[{"href":"https:\/\/plenomodas.es\/index.php?rest_route=%2Fwp%2Fv2%2Fmedia&parent=2"}],"curies":[{"name":"wp","href":"https:\/\/api.w.org\/{rel}","templated":true}]}}